{"id":49,"date":"2014-11-30T03:44:46","date_gmt":"2014-11-30T03:44:46","guid":{"rendered":"http:\/\/167.99.108.228\/?page_id=49"},"modified":"2022-09-09T06:04:07","modified_gmt":"2022-09-09T06:04:07","slug":"about-3","status":"publish","type":"page","link":"https:\/\/www.lafuente.ws\/?page_id=49","title":{"rendered":"Acerca de Michael"},"content":{"rendered":"<div>\n<p><a href=\"http:\/\/www.lafuente.ws\/wp-content\/uploads\/2021\/06\/2M6A5510.jpg\"><img loading=\"lazy\" decoding=\"async\" class=\"aligncenter  wp-image-243\" src=\"http:\/\/www.lafuente.ws\/wp-content\/uploads\/2021\/06\/2M6A5510.jpg\" alt=\"\" width=\"666\" height=\"445\" srcset=\"https:\/\/www.lafuente.ws\/wp-content\/uploads\/2021\/06\/2M6A5510.jpg 1638w, https:\/\/www.lafuente.ws\/wp-content\/uploads\/2021\/06\/2M6A5510-300x200.jpg 300w, https:\/\/www.lafuente.ws\/wp-content\/uploads\/2021\/06\/2M6A5510-1024x683.jpg 1024w, https:\/\/www.lafuente.ws\/wp-content\/uploads\/2021\/06\/2M6A5510-768x512.jpg 768w, https:\/\/www.lafuente.ws\/wp-content\/uploads\/2021\/06\/2M6A5510-1536x1025.jpg 1536w\" sizes=\"auto, (max-width: 666px) 100vw, 666px\" \/><\/a><\/p>\n<p>Michael Lafuente comenz\u00f3 su carrera como asistente de un fot\u00f3grafo de retratos. Durante esos primeros a\u00f1os, Michael ten\u00eda la pr\u00e1ctica diaria de prepara el estudio fotogr\u00e1fico por la ma\u00f1ana e imprimir el trabajo del fot\u00f3grafo en color por la tarde con una tradicional impliadora fotogr\u00e1fica y bandejas llenas de qu\u00edmicos fotogr\u00e1ficos. Con esta experiencia , Michael sent\u00f3 sus bases de la captura y manipulaci\u00f3n de im\u00e1genes, lo que impuls\u00f3 una carrera en efectos visuales, correcci\u00f3n de color cinem\u00e1tico y producci\u00f3n cinematogr\u00e1fica. Desde esos primeros d\u00edas, ha ayudado a producir miles de comerciales de alto nivel, importantes videos musicales y largometrajes ganadores del Oscar para varios estudios importantes.<\/p>\n<p>Adem\u00e1s, Michael tiene experiencia pr\u00e1ctica en la direcci\u00f3n de sus propios cortometrajes, documentales y comerciales galardonados para varias de las principales marcas de deportes motorizados. Tambi\u00e9n posee varias patentes t\u00e9cnicas por su trabajo en la manipulaci\u00f3n de im\u00e1genes con IA.<\/p>\n<\/div>\n<div style=\"text-align: center;\">Available Worldwide<\/div>\n","protected":false},"excerpt":{"rendered":"<p>Michael Lafuente comenz\u00f3 su carrera como asistente de un fot\u00f3grafo de retratos. Durante esos primeros a\u00f1os, Michael ten\u00eda la pr\u00e1ctica diaria de prepara el estudio fotogr\u00e1fico por la ma\u00f1ana e imprimir el trabajo del fot\u00f3grafo en color por la tarde con una tradicional impliadora fotogr\u00e1fica y bandejas llenas de qu\u00edmicos fotogr\u00e1ficos. Con esta experiencia , [&hellip;]<\/p>\n","protected":false},"author":1,"featured_media":0,"parent":0,"menu_order":0,"comment_status":"closed","ping_status":"closed","template":"","meta":{"footnotes":""},"class_list":["post-49","page","type-page","status-publish","hentry"],"jetpack_sharing_enabled":true,"jetpack_shortlink":"https:\/\/wp.me\/P9X0cM-N","_links":{"self":[{"href":"https:\/\/www.lafuente.ws\/index.php?rest_route=\/wp\/v2\/pages\/49","targetHints":{"allow":["GET"]}}],"collection":[{"href":"https:\/\/www.lafuente.ws\/index.php?rest_route=\/wp\/v2\/pages"}],"about":[{"href":"https:\/\/www.lafuente.ws\/index.php?rest_route=\/wp\/v2\/types\/page"}],"author":[{"embeddable":true,"href":"https:\/\/www.lafuente.ws\/index.php?rest_route=\/wp\/v2\/users\/1"}],"replies":[{"embeddable":true,"href":"https:\/\/www.lafuente.ws\/index.php?rest_route=%2Fwp%2Fv2%2Fcomments&post=49"}],"version-history":[{"count":13,"href":"https:\/\/www.lafuente.ws\/index.php?rest_route=\/wp\/v2\/pages\/49\/revisions"}],"predecessor-version":[{"id":367,"href":"https:\/\/www.lafuente.ws\/index.php?rest_route=\/wp\/v2\/pages\/49\/revisions\/367"}],"wp:attachment":[{"href":"https:\/\/www.lafuente.ws\/index.php?rest_route=%2Fwp%2Fv2%2Fmedia&parent=49"}],"curies":[{"name":"wp","href":"https:\/\/api.w.org\/{rel}","templated":true}]}}