{"id":20,"date":"2014-11-29T17:17:07","date_gmt":"2014-11-29T17:17:07","guid":{"rendered":"http:\/\/167.99.108.228\/?page_id=20"},"modified":"2022-09-09T03:56:55","modified_gmt":"2022-09-09T03:56:55","slug":"20-2","status":"publish","type":"page","link":"https:\/\/www.lafuente.ws\/?page_id=20","title":{"rendered":"Castellano Home"},"content":{"rendered":"<div class=\"vimeo-wrapper\">&nbsp;<\/div>\n\n\n<p>Michael Lafuente se especializa en trabajos de imagen de alto nivel para efectos visuales, animaci\u00f3n, producci\u00f3n virtual y cinematograf\u00eda.<\/p>\n\n\n\n<p>Su trabajo cubre clientes in las industrias de la moda, m\u00fasica, comida y Motorsport.<\/p>\n\n\n\n<p>Ha trabajado con clientes en Europa, Jap\u00f3n, Corea, Norte y Sur Am\u00e9rica y siempre est\u00e1 disponible en todo el mundo.<br>Perm\u00edtanos ayudarlo a hacer realidad su visi\u00f3n.<\/p>\n","protected":false},"excerpt":{"rendered":"<p>&nbsp; Michael Lafuente se especializa en trabajos de imagen de alto nivel para efectos visuales, animaci\u00f3n, producci\u00f3n virtual y cinematograf\u00eda. Su trabajo cubre clientes in las industrias de la moda, m\u00fasica, comida y Motorsport. Ha trabajado con clientes en Europa, Jap\u00f3n, Corea, Norte y Sur Am\u00e9rica y siempre est\u00e1 disponible en todo el mundo.Perm\u00edtanos ayudarlo [&hellip;]<\/p>\n","protected":false},"author":1,"featured_media":0,"parent":0,"menu_order":0,"comment_status":"closed","ping_status":"closed","template":"","meta":{"footnotes":""},"class_list":["post-20","page","type-page","status-publish","hentry"],"jetpack_sharing_enabled":true,"jetpack_shortlink":"https:\/\/wp.me\/P9X0cM-k","_links":{"self":[{"href":"https:\/\/www.lafuente.ws\/index.php?rest_route=\/wp\/v2\/pages\/20","targetHints":{"allow":["GET"]}}],"collection":[{"href":"https:\/\/www.lafuente.ws\/index.php?rest_route=\/wp\/v2\/pages"}],"about":[{"href":"https:\/\/www.lafuente.ws\/index.php?rest_route=\/wp\/v2\/types\/page"}],"author":[{"embeddable":true,"href":"https:\/\/www.lafuente.ws\/index.php?rest_route=\/wp\/v2\/users\/1"}],"replies":[{"embeddable":true,"href":"https:\/\/www.lafuente.ws\/index.php?rest_route=%2Fwp%2Fv2%2Fcomments&post=20"}],"version-history":[{"count":10,"href":"https:\/\/www.lafuente.ws\/index.php?rest_route=\/wp\/v2\/pages\/20\/revisions"}],"predecessor-version":[{"id":363,"href":"https:\/\/www.lafuente.ws\/index.php?rest_route=\/wp\/v2\/pages\/20\/revisions\/363"}],"wp:attachment":[{"href":"https:\/\/www.lafuente.ws\/index.php?rest_route=%2Fwp%2Fv2%2Fmedia&parent=20"}],"curies":[{"name":"wp","href":"https:\/\/api.w.org\/{rel}","templated":true}]}}